{"id":4595,"date":"2023-02-19T21:45:22","date_gmt":"2023-02-19T20:45:22","guid":{"rendered":"https:\/\/www.tri-team.de\/triteam2022\/?page_id=4595"},"modified":"2023-04-13T19:52:37","modified_gmt":"2023-04-13T17:52:37","slug":"votragsreihe","status":"publish","type":"page","link":"https:\/\/www.tri-team.de\/triteam2022\/votragsreihe\/","title":{"rendered":"Vortragsreihe"},"content":{"rendered":"\t\t<div data-elementor-type=\"wp-page\" data-elementor-id=\"4595\" class=\"elementor elementor-4595\" data-elementor-settings=\"[]\">\n\t\t\t\t\t\t\t<div class=\"elementor-section-wrap\">\n\t\t\t\t\t\t\t<section class=\"elementor-section elementor-top-section elementor-element elementor-element-0cb9e9b elementor-section-boxed elementor-section-height-default elementor-section-height-default\" data-id=\"0cb9e9b\" data-element_type=\"section\">\n\t\t\t\t\t\t<div class=\"elementor-container elementor-column-gap-default\">\n\t\t\t\t\t<div class=\"elementor-column elementor-col-100 elementor-top-column elementor-element elementor-element-e1364ff\" data-id=\"e1364ff\" data-element_type=\"column\">\n\t\t\t<div class=\"elementor-widget-wrap elementor-element-populated\">\n\t\t\t\t\t\t\t\t<div class=\"elementor-element elementor-element-05bcb47 elementor-widget elementor-widget-heading\" data-id=\"05bcb47\" data-element_type=\"widget\" data-widget_type=\"heading.default\">\n\t\t\t\t<div class=\"elementor-widget-container\">\n\t\t\t<style>\/*! elementor - v3.5.6 - 28-02-2022 *\/\n.elementor-heading-title{padding:0;margin:0;line-height:1}.elementor-widget-heading .elementor-heading-title[class*=elementor-size-]>a{color:inherit;font-size:inherit;line-height:inherit}.elementor-widget-heading .elementor-heading-title.elementor-size-small{font-size:15px}.elementor-widget-heading .elementor-heading-title.elementor-size-medium{font-size:19px}.elementor-widget-heading .elementor-heading-title.elementor-size-large{font-size:29px}.elementor-widget-heading .elementor-heading-title.elementor-size-xl{font-size:39px}.elementor-widget-heading .elementor-heading-title.elementor-size-xxl{font-size:59px}<\/style><h2 class=\"elementor-heading-title elementor-size-large\">Vergangene Vortr\u00e4ge<\/h2>\t\t<\/div>\n\t\t\t\t<\/div>\n\t\t\t\t<section class=\"elementor-section elementor-inner-section elementor-element elementor-element-aa5692d elementor-section-boxed elementor-section-height-default elementor-section-height-default\" data-id=\"aa5692d\" data-element_type=\"section\">\n\t\t\t\t\t\t<div class=\"elementor-container elementor-column-gap-default\">\n\t\t\t\t\t<div class=\"elementor-column elementor-col-50 elementor-inner-column elementor-element elementor-element-201186f\" data-id=\"201186f\" data-element_type=\"column\">\n\t\t\t<div class=\"elementor-widget-wrap elementor-element-populated\">\n\t\t\t\t\t\t\t\t<div class=\"elementor-element elementor-element-bfeb1f6 elementor-widget elementor-widget-text-editor\" data-id=\"bfeb1f6\" data-element_type=\"widget\" data-widget_type=\"text-editor.default\">\n\t\t\t\t<div class=\"elementor-widget-container\">\n\t\t\t<style>\/*! elementor - v3.5.6 - 28-02-2022 *\/\n.elementor-widget-text-editor.elementor-drop-cap-view-stacked .elementor-drop-cap{background-color:#818a91;color:#fff}.elementor-widget-text-editor.elementor-drop-cap-view-framed .elementor-drop-cap{color:#818a91;border:3px solid;background-color:transparent}.elementor-widget-text-editor:not(.elementor-drop-cap-view-default) .elementor-drop-cap{margin-top:8px}.elementor-widget-text-editor:not(.elementor-drop-cap-view-default) .elementor-drop-cap-letter{width:1em;height:1em}.elementor-widget-text-editor .elementor-drop-cap{float:left;text-align:center;line-height:1;font-size:50px}.elementor-widget-text-editor .elementor-drop-cap-letter{display:inline-block}<\/style>\t\t\t\t<p><strong>Vortrag zum Thema &#8222;Zyklus im Sport&#8220;<\/strong><\/p><p>\u00a0<\/p><p>\u201eWeibliche Gesundheit, Leistung und Anpassung\u201c unter diesem Titel sind wir am 21.03.2023 in unsere Tri-Team Vortragsreihe gestartet. Rund 35 Interessierte erhielten von Prof. Dr. Jana Strahler \u2013 Inhaberin des Lehrstuhls f\u00fcr Sportpsychologie an der Uni Freiburg \u2013 einen etwas anderen Blick auf den weiblichen K\u00f6rper. Im Fokus standen Fakten, Studien sowie auch offene Fragen zum Einfluss des Menstruationszyklus auf die k\u00f6rperliche und sportliche Leistungsf\u00e4higkeit.<\/p><p>Wir danken Jana Strahler herzlich f\u00fcr den kurzweiligen und lebhaften Vortrag und den Interessierten f\u00fcr den Besuch in Ettlingen.<\/p>\t\t\t\t\t\t<\/div>\n\t\t\t\t<\/div>\n\t\t\t\t\t<\/div>\n\t\t<\/div>\n\t\t\t\t<div class=\"elementor-column elementor-col-50 elementor-inner-column elementor-element elementor-element-f2bf82f\" data-id=\"f2bf82f\" data-element_type=\"column\">\n\t\t\t<div class=\"elementor-widget-wrap elementor-element-populated\">\n\t\t\t\t\t\t\t\t<div class=\"elementor-element elementor-element-fed9158 elementor-widget elementor-widget-image\" data-id=\"fed9158\" data-element_type=\"widget\" data-widget_type=\"image.default\">\n\t\t\t\t<div class=\"elementor-widget-container\">\n\t\t\t<style>\/*! elementor - v3.5.6 - 28-02-2022 *\/\n.elementor-widget-image{text-align:center}.elementor-widget-image a{display:inline-block}.elementor-widget-image a img[src$=\".svg\"]{width:48px}.elementor-widget-image img{vertical-align:middle;display:inline-block}<\/style>\t\t\t\t\t\t\t\t\t\t\t\t<img loading=\"lazy\" decoding=\"async\" width=\"1024\" height=\"786\" src=\"https:\/\/www.tri-team.de\/triteam2022\/wp-content\/uploads\/2023\/04\/bild-1024x786.png\" class=\"attachment-large size-large\" alt=\"\" srcset=\"https:\/\/www.tri-team.de\/triteam2022\/wp-content\/uploads\/2023\/04\/bild-1024x786.png 1024w, https:\/\/www.tri-team.de\/triteam2022\/wp-content\/uploads\/2023\/04\/bild-300x230.png 300w, https:\/\/www.tri-team.de\/triteam2022\/wp-content\/uploads\/2023\/04\/bild-768x589.png 768w, https:\/\/www.tri-team.de\/triteam2022\/wp-content\/uploads\/2023\/04\/bild.png 1083w\" sizes=\"auto, (max-width: 1024px) 100vw, 1024px\" \/>\t\t\t\t\t\t\t\t\t\t\t\t\t\t\t<\/div>\n\t\t\t\t<\/div>\n\t\t\t\t\t<\/div>\n\t\t<\/div>\n\t\t\t\t\t\t\t<\/div>\n\t\t<\/section>\n\t\t\t\t<div class=\"elementor-element elementor-element-fcbd005 elementor-widget elementor-widget-text-editor\" data-id=\"fcbd005\" data-element_type=\"widget\" data-widget_type=\"text-editor.default\">\n\t\t\t\t<div class=\"elementor-widget-container\">\n\t\t\t\t\t\t\t<p>\u00a0<\/p><p><strong>&#8230;und wie geht es weiter? Seid gespannt &#8211; der n\u00e4chste spannende Vortrag ist bereits in Planung!<\/strong><\/p>\t\t\t\t\t\t<\/div>\n\t\t\t\t<\/div>\n\t\t\t\t\t<\/div>\n\t\t<\/div>\n\t\t\t\t\t\t\t<\/div>\n\t\t<\/section>\n\t\t\t\t\t\t<\/div>\n\t\t\t\t\t<\/div>\n\t\t","protected":false},"excerpt":{"rendered":"<p>Vergangene Vortr\u00e4ge Vortrag zum Thema &#8222;Zyklus im Sport&#8220; \u00a0 \u201eWeibliche Gesundheit, Leistung und Anpassung\u201c unter diesem Titel sind wir am 21.03.2023 in unsere Tri-Team Vortragsreihe gestartet. Rund 35 Interessierte erhielten von Prof. Dr. Jana Strahler \u2013 Inhaberin des Lehrstuhls f\u00fcr Sportpsychologie an der Uni Freiburg \u2013 einen etwas anderen Blick auf den weiblichen K\u00f6rper. Im [&hellip;]<\/p>\n","protected":false},"author":4,"featured_media":0,"parent":0,"menu_order":0,"comment_status":"closed","ping_status":"closed","template":"","meta":{"footnotes":""},"class_list":["post-4595","page","type-page","status-publish","hentry","entry"],"_links":{"self":[{"href":"https:\/\/www.tri-team.de\/triteam2022\/wp-json\/wp\/v2\/pages\/4595","targetHints":{"allow":["GET"]}}],"collection":[{"href":"https:\/\/www.tri-team.de\/triteam2022\/wp-json\/wp\/v2\/pages"}],"about":[{"href":"https:\/\/www.tri-team.de\/triteam2022\/wp-json\/wp\/v2\/types\/page"}],"author":[{"embeddable":true,"href":"https:\/\/www.tri-team.de\/triteam2022\/wp-json\/wp\/v2\/users\/4"}],"replies":[{"embeddable":true,"href":"https:\/\/www.tri-team.de\/triteam2022\/wp-json\/wp\/v2\/comments?post=4595"}],"version-history":[{"count":69,"href":"https:\/\/www.tri-team.de\/triteam2022\/wp-json\/wp\/v2\/pages\/4595\/revisions"}],"predecessor-version":[{"id":4711,"href":"https:\/\/www.tri-team.de\/triteam2022\/wp-json\/wp\/v2\/pages\/4595\/revisions\/4711"}],"wp:attachment":[{"href":"https:\/\/www.tri-team.de\/triteam2022\/wp-json\/wp\/v2\/media?parent=4595"}],"curies":[{"name":"wp","href":"https:\/\/api.w.org\/{rel}","templated":true}]}}